{"id":1393,"date":"2025-08-15T13:27:38","date_gmt":"2025-08-15T12:27:38","guid":{"rendered":"https:\/\/bea.esc.ovh\/?page_id=1393"},"modified":"2025-08-29T17:38:50","modified_gmt":"2025-08-29T16:38:50","slug":"prestations","status":"publish","type":"page","link":"https:\/\/bea.esc.ovh\/fr\/prestations\/","title":{"rendered":"Prestations"},"content":{"rendered":"\n<div class=\"wp-block-group alignfull is-style-default has-global-padding is-layout-constrained wp-block-group-is-layout-constrained\" style=\"margin-top:0;margin-bottom:0;padding-top:var(--wp--preset--spacing--30);padding-bottom:var(--wp--preset--spacing--30)\">\n<div class=\"wp-block-columns alignwide is-layout-flex wp-container-core-columns-is-layout-66fad18a wp-block-columns-is-layout-flex\">\n<div class=\"wp-block-column is-vertically-aligned-top is-layout-flow wp-block-column-is-layout-flow\" style=\"padding-right:0;padding-left:0;flex-basis:60%\">\n<div class=\"wp-block-group is-vertical is-layout-flex wp-container-core-group-is-layout-fe9cc265 wp-block-group-is-layout-flex\">\n<h1 class=\"wp-block-heading\" id=\"Deposito\">D\u00e9p\u00f4t de ski<\/h1>\n<\/div>\n\n\n\n<p class=\"is-style-text-subtitle has-large-font-size is-style-text-subtitle--1\">Un bon local \u00e0 skis, c&rsquo;est la vie ! C&rsquo;est encore mieux s&rsquo;il est situ\u00e9 au pied des pistes et dispose de <strong>casiers chauff\u00e9s<\/strong> pour ranger vos skis, chaussures et accessoires en toute s\u00e9curit\u00e9.<br>En choisissant notre local \u00e0 skis, vous n&rsquo;aurez plus besoin de rentrer chez vous ou \u00e0 votre h\u00f4tel pour le d\u00e9poser. <strong>Apr\u00e8s une journ\u00e9e sur les pistes, vous pourrez fl\u00e2ner tranquillement<\/strong>, faire du shopping ou savourer un chocolat chaud.<br>Votre \u00e9quipement sera conserv\u00e9 dans nos casiers chauff\u00e9s, pour que vos chaussures soient toujours d\u00e9sinfect\u00e9es et chaudes le matin.<\/p>\n\n\n\n<p class=\"is-style-text-subtitle has-large-font-size is-style-text-subtitle--2\"><\/p>\n<\/div>\n\n\n\n<div class=\"wp-block-column is-vertically-aligned-center is-layout-flow wp-block-column-is-layout-flow\" style=\"padding-right:var(--wp--preset--spacing--50);flex-basis:40%\">\n<figure class=\"wp-block-image size-full hide-mobile\"><img loading=\"lazy\" decoding=\"async\" width=\"1200\" height=\"800\" src=\"https:\/\/bea.esc.ovh\/wp-content\/uploads\/2025\/08\/Armadi.jpg\" alt=\"\" class=\"wp-image-750\" srcset=\"https:\/\/bea.esc.ovh\/wp-content\/uploads\/2025\/08\/Armadi.jpg 1200w, https:\/\/bea.esc.ovh\/wp-content\/uploads\/2025\/08\/Armadi-300x200.jpg 300w, https:\/\/bea.esc.ovh\/wp-content\/uploads\/2025\/08\/Armadi-1024x683.jpg 1024w, https:\/\/bea.esc.ovh\/wp-content\/uploads\/2025\/08\/Armadi-768x512.jpg 768w, https:\/\/bea.esc.ovh\/wp-content\/uploads\/2025\/08\/Armadi-600x400.jpg 600w\" sizes=\"auto, (max-width: 1200px) 100vw, 1200px\" \/><\/figure>\n\n\n\n<div class=\"wp-block-group has-global-padding is-layout-constrained wp-block-group-is-layout-constrained\" style=\"margin-top:-12vw\">\n<figure class=\"wp-block-image alignright size-full is-resized hide-mobile\" style=\"margin-top:var(--wp--preset--spacing--70);margin-right:-5vw;margin-bottom:0;margin-left:-5vw\"><img loading=\"lazy\" decoding=\"async\" width=\"450\" height=\"450\" src=\"https:\/\/bea.esc.ovh\/wp-content\/uploads\/2025\/08\/Prenotazione_sicura.png\" alt=\"\" class=\"wp-image-263\" style=\"width:200px\" srcset=\"https:\/\/bea.esc.ovh\/wp-content\/uploads\/2025\/08\/Prenotazione_sicura.png 450w, https:\/\/bea.esc.ovh\/wp-content\/uploads\/2025\/08\/Prenotazione_sicura-300x300.png 300w, https:\/\/bea.esc.ovh\/wp-content\/uploads\/2025\/08\/Prenotazione_sicura-100x100.png 100w, https:\/\/bea.esc.ovh\/wp-content\/uploads\/2025\/08\/Prenotazione_sicura-150x150.png 150w\" sizes=\"auto, (max-width: 450px) 100vw, 450px\" \/><\/figure>\n<\/div>\n<\/div>\n<\/div>\n<\/div>\n\n\n\n<div class=\"wp-block-group is-content-justification-center is-layout-flex wp-container-core-group-is-layout-49a3a3af wp-block-group-is-layout-flex\" style=\"padding-right:0;padding-left:0\">\n<p class=\"has-text-align-center\"><strong>Afin d&rsquo;avoir un endroit chauff\u00e9 dans notre d\u00e9p\u00f4t<\/strong><\/p>\n\n\n\n<p class=\"has-text-align-center btn\"><a href=\"https:\/\/bea.esc.ovh\/fr\/contacts\/\">Nous contacter<\/a><\/p>\n<\/div>\n\n\n\n<div class=\"bicolour-line\" id=\"Skiservice\"><\/div>\n\n\n\n<div class=\"wp-block-group alignfull is-style-default has-global-padding is-layout-constrained wp-block-group-is-layout-constrained\" style=\"margin-top:0;margin-bottom:0;padding-top:var(--wp--preset--spacing--30);padding-bottom:var(--wp--preset--spacing--30)\">\n<div class=\"wp-block-columns alignwide is-layout-flex wp-container-core-columns-is-layout-66fad18a wp-block-columns-is-layout-flex\">\n<div class=\"wp-block-column is-layout-flow wp-block-column-is-layout-flow\" style=\"padding-right:var(--wp--preset--spacing--50);flex-basis:40%\">\n<figure class=\"wp-block-image size-full hide-mobile\"><img loading=\"lazy\" decoding=\"async\" width=\"800\" height=\"800\" src=\"https:\/\/bea.esc.ovh\/wp-content\/uploads\/2025\/08\/Laboratorio.jpg\" alt=\"\" class=\"wp-image-354\" srcset=\"https:\/\/bea.esc.ovh\/wp-content\/uploads\/2025\/08\/Laboratorio.jpg 800w, https:\/\/bea.esc.ovh\/wp-content\/uploads\/2025\/08\/Laboratorio-300x300.jpg 300w, https:\/\/bea.esc.ovh\/wp-content\/uploads\/2025\/08\/Laboratorio-100x100.jpg 100w, https:\/\/bea.esc.ovh\/wp-content\/uploads\/2025\/08\/Laboratorio-600x600.jpg 600w, https:\/\/bea.esc.ovh\/wp-content\/uploads\/2025\/08\/Laboratorio-150x150.jpg 150w, https:\/\/bea.esc.ovh\/wp-content\/uploads\/2025\/08\/Laboratorio-768x768.jpg 768w\" sizes=\"auto, (max-width: 800px) 100vw, 800px\" \/><\/figure>\n\n\n\n<div class=\"wp-block-group has-global-padding is-layout-constrained wp-block-group-is-layout-constrained\" style=\"margin-top:-12vw\">\n<figure class=\"wp-block-image alignright size-full is-resized hide-mobile\" style=\"margin-top:var(--wp--preset--spacing--70);margin-right:-5vw;margin-bottom:0;margin-left:-5vw\"><img loading=\"lazy\" decoding=\"async\" width=\"500\" height=\"335\" src=\"https:\/\/bea.esc.ovh\/wp-content\/uploads\/2025\/08\/Lamine.jpg\" alt=\"\" class=\"wp-image-728\" style=\"width:250px\" srcset=\"https:\/\/bea.esc.ovh\/wp-content\/uploads\/2025\/08\/Lamine.jpg 500w, https:\/\/bea.esc.ovh\/wp-content\/uploads\/2025\/08\/Lamine-300x201.jpg 300w\" sizes=\"auto, (max-width: 500px) 100vw, 500px\" \/><\/figure>\n<\/div>\n<\/div>\n\n\n\n<div class=\"wp-block-column is-vertically-aligned-center is-layout-flow wp-block-column-is-layout-flow\" style=\"padding-right:0;padding-left:0;flex-basis:55%\">\n<div class=\"wp-block-group is-vertical is-layout-flex wp-container-core-group-is-layout-fe9cc265 wp-block-group-is-layout-flex\">\n<h1 class=\"wp-block-heading\" id=\"Skiservice\">Atelier de ski<\/h1>\n<\/div>\n\n\n\n<p class=\"is-style-text-subtitle has-large-font-size is-style-text-subtitle--3\">Pour une exp\u00e9rience de ski agr\u00e9able et en toute s\u00e9curit\u00e9, les grandes pistes de Sestriere, le beau temps et la bonne compagnie ne suffisent pas. Il est \u00e9galement essentiel que votre mat\u00e9riel soit adapt\u00e9 et toujours entretenu en parfait \u00e9tat. Nos techniciens skis pr\u00e9pareront vos skis pour garantir une glisse et un \u00e9quilibre optimaux. Le fartage est disponible pour encore plus de plaisir.<\/p>\n<\/div>\n<\/div>\n<\/div>\n","protected":false},"excerpt":{"rendered":"<p>D\u00e9p\u00f4t de ski Un bon local \u00e0 skis, c&rsquo;est la vie ! C&rsquo;est encore mieux s&rsquo;il est situ\u00e9 au pied des pistes et dispose de casiers chauff\u00e9s pour ranger vos skis, chaussures et accessoires en toute s\u00e9curit\u00e9.En choisissant notre local \u00e0 skis, vous n&rsquo;aurez plus besoin de rentrer chez vous ou \u00e0 votre h\u00f4tel pour [&hellip;]<\/p>\n","protected":false},"author":2,"featured_media":0,"parent":0,"menu_order":0,"comment_status":"closed","ping_status":"closed","template":"page-no-title","meta":{"footnotes":""},"class_list":["post-1393","page","type-page","status-publish","hentry"],"yoast_head":"<!-- This site is optimized with the Yoast SEO plugin v26.1.1 - https:\/\/yoast.com\/wordpress\/plugins\/seo\/ -->\n<title>Prestations - Location de ski et de snowboard<\/title>\n<meta name=\"robots\" content=\"noindex, follow, max-snippet:-1, max-image-preview:large, max-video-preview:-1\" \/>\n<meta property=\"og:locale\" content=\"fr_FR\" \/>\n<meta property=\"og:type\" content=\"article\" \/>\n<meta property=\"og:title\" content=\"Prestations - Location de ski et de snowboard\" \/>\n<meta property=\"og:description\" content=\"D\u00e9p\u00f4t de ski Un bon local \u00e0 skis, c&rsquo;est la vie ! C&rsquo;est encore mieux s&rsquo;il est situ\u00e9 au pied des pistes et dispose de casiers chauff\u00e9s pour ranger vos skis, chaussures et accessoires en toute s\u00e9curit\u00e9.En choisissant notre local \u00e0 skis, vous n&rsquo;aurez plus besoin de rentrer chez vous ou \u00e0 votre h\u00f4tel pour [&hellip;]\" \/>\n<meta property=\"og:url\" content=\"https:\/\/bea.esc.ovh\/fr\/prestations\/\" \/>\n<meta property=\"og:site_name\" content=\"Location de ski et de snowboard\" \/>\n<meta property=\"article:modified_time\" content=\"2025-08-29T16:38:50+00:00\" \/>\n<meta property=\"og:image\" content=\"https:\/\/bea.esc.ovh\/wp-content\/uploads\/2025\/08\/Armadi.jpg\" \/>\n\t<meta property=\"og:image:width\" content=\"1200\" \/>\n\t<meta property=\"og:image:height\" content=\"800\" \/>\n\t<meta property=\"og:image:type\" content=\"image\/jpeg\" \/>\n<meta name=\"twitter:card\" content=\"summary_large_image\" \/>\n<meta name=\"twitter:label1\" content=\"Dur\u00e9e de lecture estim\u00e9e\" \/>\n\t<meta name=\"twitter:data1\" content=\"1 minute\" \/>\n<script type=\"application\/ld+json\" class=\"yoast-schema-graph\">{\"@context\":\"https:\/\/schema.org\",\"@graph\":[{\"@type\":\"WebPage\",\"@id\":\"https:\/\/bea.esc.ovh\/fr\/prestations\/\",\"url\":\"https:\/\/bea.esc.ovh\/fr\/prestations\/\",\"name\":\"Prestations - Location de ski et de snowboard\",\"isPartOf\":{\"@id\":\"https:\/\/bea.esc.ovh\/#website\"},\"primaryImageOfPage\":{\"@id\":\"https:\/\/bea.esc.ovh\/fr\/prestations\/#primaryimage\"},\"image\":{\"@id\":\"https:\/\/bea.esc.ovh\/fr\/prestations\/#primaryimage\"},\"thumbnailUrl\":\"https:\/\/bea.esc.ovh\/wp-content\/uploads\/2025\/08\/Armadi.jpg\",\"datePublished\":\"2025-08-15T12:27:38+00:00\",\"dateModified\":\"2025-08-29T16:38:50+00:00\",\"breadcrumb\":{\"@id\":\"https:\/\/bea.esc.ovh\/fr\/prestations\/#breadcrumb\"},\"inLanguage\":\"fr-FR\",\"potentialAction\":[{\"@type\":\"ReadAction\",\"target\":[\"https:\/\/bea.esc.ovh\/fr\/prestations\/\"]}]},{\"@type\":\"ImageObject\",\"inLanguage\":\"fr-FR\",\"@id\":\"https:\/\/bea.esc.ovh\/fr\/prestations\/#primaryimage\",\"url\":\"https:\/\/bea.esc.ovh\/wp-content\/uploads\/2025\/08\/Armadi.jpg\",\"contentUrl\":\"https:\/\/bea.esc.ovh\/wp-content\/uploads\/2025\/08\/Armadi.jpg\"},{\"@type\":\"BreadcrumbList\",\"@id\":\"https:\/\/bea.esc.ovh\/fr\/prestations\/#breadcrumb\",\"itemListElement\":[{\"@type\":\"ListItem\",\"position\":1,\"name\":\"Home\",\"item\":\"https:\/\/bea.esc.ovh\/fr\/home\/\"},{\"@type\":\"ListItem\",\"position\":2,\"name\":\"Prestations\"}]},{\"@type\":\"WebSite\",\"@id\":\"https:\/\/bea.esc.ovh\/#website\",\"url\":\"https:\/\/bea.esc.ovh\/\",\"name\":\"Noleggio sci e snowboard\",\"description\":\"\",\"publisher\":{\"@id\":\"https:\/\/bea.esc.ovh\/#organization\"},\"potentialAction\":[{\"@type\":\"SearchAction\",\"target\":{\"@type\":\"EntryPoint\",\"urlTemplate\":\"https:\/\/bea.esc.ovh\/?s={search_term_string}\"},\"query-input\":{\"@type\":\"PropertyValueSpecification\",\"valueRequired\":true,\"valueName\":\"search_term_string\"}}],\"inLanguage\":\"fr-FR\"},{\"@type\":\"Organization\",\"@id\":\"https:\/\/bea.esc.ovh\/#organization\",\"name\":\"Noleggio sci e snowboard\",\"url\":\"https:\/\/bea.esc.ovh\/\",\"logo\":{\"@type\":\"ImageObject\",\"inLanguage\":\"fr-FR\",\"@id\":\"https:\/\/bea.esc.ovh\/#\/schema\/logo\/image\/\",\"url\":\"https:\/\/bea.esc.ovh\/wp-content\/uploads\/2025\/06\/SkiRentLogo.png\",\"contentUrl\":\"https:\/\/bea.esc.ovh\/wp-content\/uploads\/2025\/06\/SkiRentLogo.png\",\"width\":520,\"height\":151,\"caption\":\"Noleggio sci e snowboard\"},\"image\":{\"@id\":\"https:\/\/bea.esc.ovh\/#\/schema\/logo\/image\/\"}}]}<\/script>\n<!-- \/ Yoast SEO plugin. -->","yoast_head_json":{"title":"Prestations - Location de ski et de snowboard","robots":{"index":"noindex","follow":"follow","max-snippet":"max-snippet:-1","max-image-preview":"max-image-preview:large","max-video-preview":"max-video-preview:-1"},"og_locale":"fr_FR","og_type":"article","og_title":"Prestations - Location de ski et de snowboard","og_description":"D\u00e9p\u00f4t de ski Un bon local \u00e0 skis, c&rsquo;est la vie ! C&rsquo;est encore mieux s&rsquo;il est situ\u00e9 au pied des pistes et dispose de casiers chauff\u00e9s pour ranger vos skis, chaussures et accessoires en toute s\u00e9curit\u00e9.En choisissant notre local \u00e0 skis, vous n&rsquo;aurez plus besoin de rentrer chez vous ou \u00e0 votre h\u00f4tel pour [&hellip;]","og_url":"https:\/\/bea.esc.ovh\/fr\/prestations\/","og_site_name":"Location de ski et de snowboard","article_modified_time":"2025-08-29T16:38:50+00:00","og_image":[{"width":1200,"height":800,"url":"https:\/\/bea.esc.ovh\/wp-content\/uploads\/2025\/08\/Armadi.jpg","type":"image\/jpeg"}],"twitter_card":"summary_large_image","twitter_misc":{"Dur\u00e9e de lecture estim\u00e9e":"1 minute"},"schema":{"@context":"https:\/\/schema.org","@graph":[{"@type":"WebPage","@id":"https:\/\/bea.esc.ovh\/fr\/prestations\/","url":"https:\/\/bea.esc.ovh\/fr\/prestations\/","name":"Prestations - Location de ski et de snowboard","isPartOf":{"@id":"https:\/\/bea.esc.ovh\/#website"},"primaryImageOfPage":{"@id":"https:\/\/bea.esc.ovh\/fr\/prestations\/#primaryimage"},"image":{"@id":"https:\/\/bea.esc.ovh\/fr\/prestations\/#primaryimage"},"thumbnailUrl":"https:\/\/bea.esc.ovh\/wp-content\/uploads\/2025\/08\/Armadi.jpg","datePublished":"2025-08-15T12:27:38+00:00","dateModified":"2025-08-29T16:38:50+00:00","breadcrumb":{"@id":"https:\/\/bea.esc.ovh\/fr\/prestations\/#breadcrumb"},"inLanguage":"fr-FR","potentialAction":[{"@type":"ReadAction","target":["https:\/\/bea.esc.ovh\/fr\/prestations\/"]}]},{"@type":"ImageObject","inLanguage":"fr-FR","@id":"https:\/\/bea.esc.ovh\/fr\/prestations\/#primaryimage","url":"https:\/\/bea.esc.ovh\/wp-content\/uploads\/2025\/08\/Armadi.jpg","contentUrl":"https:\/\/bea.esc.ovh\/wp-content\/uploads\/2025\/08\/Armadi.jpg"},{"@type":"BreadcrumbList","@id":"https:\/\/bea.esc.ovh\/fr\/prestations\/#breadcrumb","itemListElement":[{"@type":"ListItem","position":1,"name":"Home","item":"https:\/\/bea.esc.ovh\/fr\/home\/"},{"@type":"ListItem","position":2,"name":"Prestations"}]},{"@type":"WebSite","@id":"https:\/\/bea.esc.ovh\/#website","url":"https:\/\/bea.esc.ovh\/","name":"Noleggio sci e snowboard","description":"","publisher":{"@id":"https:\/\/bea.esc.ovh\/#organization"},"potentialAction":[{"@type":"SearchAction","target":{"@type":"EntryPoint","urlTemplate":"https:\/\/bea.esc.ovh\/?s={search_term_string}"},"query-input":{"@type":"PropertyValueSpecification","valueRequired":true,"valueName":"search_term_string"}}],"inLanguage":"fr-FR"},{"@type":"Organization","@id":"https:\/\/bea.esc.ovh\/#organization","name":"Noleggio sci e snowboard","url":"https:\/\/bea.esc.ovh\/","logo":{"@type":"ImageObject","inLanguage":"fr-FR","@id":"https:\/\/bea.esc.ovh\/#\/schema\/logo\/image\/","url":"https:\/\/bea.esc.ovh\/wp-content\/uploads\/2025\/06\/SkiRentLogo.png","contentUrl":"https:\/\/bea.esc.ovh\/wp-content\/uploads\/2025\/06\/SkiRentLogo.png","width":520,"height":151,"caption":"Noleggio sci e snowboard"},"image":{"@id":"https:\/\/bea.esc.ovh\/#\/schema\/logo\/image\/"}}]}},"_links":{"self":[{"href":"https:\/\/bea.esc.ovh\/fr\/wp-json\/wp\/v2\/pages\/1393","targetHints":{"allow":["GET"]}}],"collection":[{"href":"https:\/\/bea.esc.ovh\/fr\/wp-json\/wp\/v2\/pages"}],"about":[{"href":"https:\/\/bea.esc.ovh\/fr\/wp-json\/wp\/v2\/types\/page"}],"author":[{"embeddable":true,"href":"https:\/\/bea.esc.ovh\/fr\/wp-json\/wp\/v2\/users\/2"}],"replies":[{"embeddable":true,"href":"https:\/\/bea.esc.ovh\/fr\/wp-json\/wp\/v2\/comments?post=1393"}],"version-history":[{"count":49,"href":"https:\/\/bea.esc.ovh\/fr\/wp-json\/wp\/v2\/pages\/1393\/revisions"}],"predecessor-version":[{"id":1578,"href":"https:\/\/bea.esc.ovh\/fr\/wp-json\/wp\/v2\/pages\/1393\/revisions\/1578"}],"wp:attachment":[{"href":"https:\/\/bea.esc.ovh\/fr\/wp-json\/wp\/v2\/media?parent=1393"}],"curies":[{"name":"wp","href":"https:\/\/api.w.org\/{rel}","templated":true}]}}